{"id":2,"date":"2026-02-01T17:24:42","date_gmt":"2026-02-01T17:24:42","guid":{"rendered":"http:\/\/extra1762.be\/?page_id=2"},"modified":"2026-04-02T08:31:49","modified_gmt":"2026-04-02T08:31:49","slug":"sample-page","status":"publish","type":"page","link":"https:\/\/extra1762.be\/","title":{"rendered":"Nous n&rsquo;avons rien \u00e0 cacher"},"content":{"rendered":"\n<figure class=\"wp-block-image aligncenter size-full\"><img loading=\"lazy\" decoding=\"async\" width=\"776\" height=\"448\" src=\"https:\/\/extra1762.be\/wp-content\/uploads\/2026\/02\/logo-historique-DHI.png\" alt=\"\" class=\"wp-image-14\" srcset=\"https:\/\/extra1762.be\/wp-content\/uploads\/2026\/02\/logo-historique-DHI.png 776w, https:\/\/extra1762.be\/wp-content\/uploads\/2026\/02\/logo-historique-DHI-300x173.png 300w, https:\/\/extra1762.be\/wp-content\/uploads\/2026\/02\/logo-historique-DHI-768x443.png 768w\" sizes=\"auto, (max-width: 776px) 100vw, 776px\" \/><\/figure>\n\n\n\n<p>Bonjour,<\/p>\n\n\n\n<p>Malheureusement, les inscriptions pour notre journ\u00e9e d&rsquo;informations sont cl\u00f4tur\u00e9es.<\/p>\n\n\n\n<p>Toutes les personnes inscrites ont \u00e9t\u00e9 contact\u00e9es par mail par exteriorisation@icloud.com. Si vous n&rsquo;avez rien re\u00e7u, v\u00e9rifiez vos spams.<\/p>\n\n\n\n<p>Nous vous remercions de l&rsquo;attention que vous avez port\u00e9e \u00e0 notre organisation.<br><br>Extra1762<\/p>\n\n\n\n<p><\/p>\n","protected":false},"excerpt":{"rendered":"<p>Bonjour, Malheureusement, les inscriptions pour notre journ\u00e9e d&rsquo;informations sont cl\u00f4tur\u00e9es. Toutes les personnes inscrites ont \u00e9t\u00e9 contact\u00e9es par mail par exteriorisation@icloud.com. Si vous n&rsquo;avez rien re\u00e7u, v\u00e9rifiez vos spams. Nous vous remercions de l&rsquo;attention que vous avez port\u00e9e \u00e0 notre organisation. Extra1762<\/p>\n","protected":false},"author":1,"featured_media":0,"parent":0,"menu_order":0,"comment_status":"closed","ping_status":"open","template":"","meta":{"footnotes":""},"class_list":["post-2","page","type-page","status-publish","hentry"],"_links":{"self":[{"href":"https:\/\/extra1762.be\/index.php?rest_route=\/wp\/v2\/pages\/2","targetHints":{"allow":["GET"]}}],"collection":[{"href":"https:\/\/extra1762.be\/index.php?rest_route=\/wp\/v2\/pages"}],"about":[{"href":"https:\/\/extra1762.be\/index.php?rest_route=\/wp\/v2\/types\/page"}],"author":[{"embeddable":true,"href":"https:\/\/extra1762.be\/index.php?rest_route=\/wp\/v2\/users\/1"}],"replies":[{"embeddable":true,"href":"https:\/\/extra1762.be\/index.php?rest_route=%2Fwp%2Fv2%2Fcomments&post=2"}],"version-history":[{"count":13,"href":"https:\/\/extra1762.be\/index.php?rest_route=\/wp\/v2\/pages\/2\/revisions"}],"predecessor-version":[{"id":35,"href":"https:\/\/extra1762.be\/index.php?rest_route=\/wp\/v2\/pages\/2\/revisions\/35"}],"wp:attachment":[{"href":"https:\/\/extra1762.be\/index.php?rest_route=%2Fwp%2Fv2%2Fmedia&parent=2"}],"curies":[{"name":"wp","href":"https:\/\/api.w.org\/{rel}","templated":true}]}}